{"id":2098,"date":"2022-09-09T17:34:11","date_gmt":"2022-09-09T15:34:11","guid":{"rendered":"https:\/\/www.btem.eus\/?page_id=2098"},"modified":"2022-09-09T17:37:28","modified_gmt":"2022-09-09T15:37:28","slug":"irabazleak-2019","status":"publish","type":"page","link":"https:\/\/www.btem.eus\/eu\/irabazleak-2019\/","title":{"rendered":"Irabazleak 2019"},"content":{"rendered":"\t\t<div data-elementor-type=\"wp-post\" data-elementor-id=\"2098\" class=\"elementor elementor-2098\">\n\t\t\t\t\t\t<section class=\"elementor-section elementor-top-section elementor-element elementor-element-37ef6fed elementor-section-boxed elementor-section-height-default elementor-section-height-default\" data-id=\"37ef6fed\" data-element_type=\"section\">\n\t\t\t\t\t\t<div class=\"elementor-container elementor-column-gap-default\">\n\t\t\t\t\t<div class=\"elementor-column elementor-col-100 elementor-top-column elementor-element elementor-element-1842b9d9\" data-id=\"1842b9d9\" data-element_type=\"column\">\n\t\t\t<div class=\"elementor-widget-wrap elementor-element-populated\">\n\t\t\t\t\t\t<div class=\"elementor-element elementor-element-479e870f elementor-widget elementor-widget-text-editor\" data-id=\"479e870f\" data-element_type=\"widget\" data-widget_type=\"text-editor.default\">\n\t\t\t\t<div class=\"elementor-widget-container\">\n\t\t\t\t\t\t\t\t\t\n<div id=\"wp-block-themeisle-blocks-advanced-columns-ffe0a2a9\" class=\"wp-block-themeisle-blocks-advanced-columns has-0-columns has-desktop-undefined-layout has-tablet-equal-layout has-mobile-equal-layout has-vertical-unset\"><div class=\"wp-block-themeisle-blocks-advanced-columns-overlay\"><\/div><div class=\"innerblocks-wrap\"><\/div><\/div>\n\t\t\t\t\t\t\t\t<\/div>\n\t\t\t\t<\/div>\n\t\t\t\t\t<\/div>\n\t\t<\/div>\n\t\t\t\t\t<\/div>\n\t\t<\/section>\n\t\t\t\t<section class=\"elementor-section elementor-top-section elementor-element elementor-element-736e53d elementor-section-stretched elementor-section-height-min-height elementor-section-boxed elementor-section-height-default elementor-section-items-middle\" data-id=\"736e53d\" data-element_type=\"section\" data-settings=\"{&quot;stretch_section&quot;:&quot;section-stretched&quot;,&quot;background_background&quot;:&quot;classic&quot;}\">\n\t\t\t\t\t\t<div class=\"elementor-container elementor-column-gap-default\">\n\t\t\t\t\t<div class=\"elementor-column elementor-col-100 elementor-top-column elementor-element elementor-element-f22ca32\" data-id=\"f22ca32\" data-element_type=\"column\">\n\t\t\t<div class=\"elementor-widget-wrap elementor-element-populated\">\n\t\t\t\t\t\t<div class=\"elementor-element elementor-element-ece2f4d elementor-widget elementor-widget-menu-anchor\" data-id=\"ece2f4d\" data-element_type=\"widget\" data-widget_type=\"menu-anchor.default\">\n\t\t\t\t<div class=\"elementor-widget-container\">\n\t\t\t\t\t\t\t<div class=\"elementor-menu-anchor\" id=\"echebastar\"><\/div>\n\t\t\t\t\t\t<\/div>\n\t\t\t\t<\/div>\n\t\t\t\t\t<\/div>\n\t\t<\/div>\n\t\t\t\t\t<\/div>\n\t\t<\/section>\n\t\t\t\t<section class=\"elementor-section elementor-top-section elementor-element elementor-element-2cf1418 elementor-section-boxed elementor-section-height-default elementor-section-height-default\" data-id=\"2cf1418\" data-element_type=\"section\">\n\t\t\t\t\t\t<div class=\"elementor-container elementor-column-gap-default\">\n\t\t\t\t\t<div class=\"elementor-column elementor-col-100 elementor-top-column elementor-element elementor-element-e82ac38\" data-id=\"e82ac38\" data-element_type=\"column\">\n\t\t\t<div class=\"elementor-widget-wrap elementor-element-populated\">\n\t\t\t\t\t\t<div class=\"elementor-element elementor-element-b420f8e elementor-widget elementor-widget-heading\" data-id=\"b420f8e\" data-element_type=\"widget\" data-widget_type=\"heading.default\">\n\t\t\t\t<div class=\"elementor-widget-container\">\n\t\t\t\t\t<h2 class=\"elementor-heading-title elementor-size-default\">ECHEBASTAR<\/h2>\t\t\t\t<\/div>\n\t\t\t\t<\/div>\n\t\t\t\t<div class=\"elementor-element elementor-element-0647c2b elementor-widget elementor-widget-heading\" data-id=\"0647c2b\" data-element_type=\"widget\" data-widget_type=\"heading.default\">\n\t\t\t\t<div class=\"elementor-widget-container\">\n\t\t\t\t\t<h2 class=\"elementor-heading-title elementor-size-default\">2019ko irabazlea Berrikuntza teknologikoa kategorian (produktua)\n<\/h2>\t\t\t\t<\/div>\n\t\t\t\t<\/div>\n\t\t\t\t\t<\/div>\n\t\t<\/div>\n\t\t\t\t\t<\/div>\n\t\t<\/section>\n\t\t\t\t<section class=\"elementor-section elementor-top-section elementor-element elementor-element-4138944 elementor-section-boxed elementor-section-height-default elementor-section-height-default\" data-id=\"4138944\" data-element_type=\"section\">\n\t\t\t\t\t\t<div class=\"elementor-container elementor-column-gap-default\">\n\t\t\t\t\t<div class=\"elementor-column elementor-col-100 elementor-top-column elementor-element elementor-element-66d6168\" data-id=\"66d6168\" data-element_type=\"column\">\n\t\t\t<div class=\"elementor-widget-wrap elementor-element-populated\">\n\t\t\t\t\t\t<div class=\"elementor-element elementor-element-e1e8ef8 elementor-widget elementor-widget-text-editor\" data-id=\"e1e8ef8\" data-element_type=\"widget\" data-widget_type=\"text-editor.default\">\n\t\t\t\t<div class=\"elementor-widget-container\">\n\t\t\t\t\t\t\t\t\t<p>El jurado ha premiado a la empresa pesquera vasca de t\u00fanidos, Echebastar, por haber sabido introducir en el mercado de manera exitosa un producto innovador, de calidad diferenciada y alto valor a\u00f1adido. Se trata de su nueva l\u00ednea de negocio de at\u00fan ultracongelado, comercializado bajo su marca Alakrana.<\/p><p>Con esta innovaci\u00f3n Echebastar ha sido capaz de ofrecer al consumidor una propuesta de valor clara y diferenciada respecto a la competencia, ofreciendo una originalidad en la categor\u00eda, ya que ha integrado aspectos como indulgencia, conveniencia y sostenibilidad. Ofrece al consumidor un producto limpio, presentado en diversos formatos y recetas como el tataki o el ahumado y ha sido capaz, mediante un sistema de ultracongelaci\u00f3n y el control de toda la cadena de producci\u00f3n y suministro, de ofrecer un producto 100% natural, sin aditivos, durante todo el a\u00f1o. Y todo ello con el compromiso de pesca sostenible.<\/p>\t\t\t\t\t\t\t\t<\/div>\n\t\t\t\t<\/div>\n\t\t\t\t<div class=\"elementor-element elementor-element-164a2f2 elementor-widget elementor-widget-video\" data-id=\"164a2f2\" data-element_type=\"widget\" data-settings=\"{&quot;youtube_url&quot;:&quot;https:\\\/\\\/youtu.be\\\/GlanWf0W1pE&quot;,&quot;video_type&quot;:&quot;youtube&quot;,&quot;controls&quot;:&quot;yes&quot;}\" data-widget_type=\"video.default\">\n\t\t\t\t<div class=\"elementor-widget-container\">\n\t\t\t\t\t\t\t<div class=\"elementor-wrapper elementor-open-inline\">\n\t\t\t<div class=\"elementor-video\"><\/div>\t\t<\/div>\n\t\t\t\t\t\t<\/div>\n\t\t\t\t<\/div>\n\t\t\t\t<div class=\"elementor-element elementor-element-6bb1cb3 elementor-widget elementor-widget-text-editor\" data-id=\"6bb1cb3\" data-element_type=\"widget\" data-widget_type=\"text-editor.default\">\n\t\t\t\t<div class=\"elementor-widget-container\">\n\t\t\t\t\t\t\t\t\t<p>Epaimahaiak oso positiboki baloratu ditu Alakranaren ingurumen-hobekuntzaren alderdiak: baliabidearen iraunkortasunarekin, jardunbide egokiekin eta ingurumenarekiko errespetu handienarekin konprometitutako produktua da, eta, gainera, MSC (Marine Stewardship Council) programaren ziurtagiria du, kontsumitzaileari bermatzen diona atunaren harrapaketa eta ekoizpena arrantza arduratsuaren irizpide gorenen arabera lortu dela.<br \/><br \/>Era berean, produktu horrek arrantza-kate osoan arrantza jasangarriaren aldeko konpromisoa modu aitzindarian egituratzeko duen gaitasuna nabarmentzen du: arrantza-sektoretik kontsumitzailearenganaino doan balio-proposamen berritzailea.<br \/><br \/>Epaimahaiak irtenbidearen ezarpen-maila ere nabarmendu nahi du, enpresaren negozio globalari egindako ekarpena nabarmen hazi eta handitu baita. Izan ere, Alakranaren ultraizoztuen lerroa esponentzialki hazi da azken lau urteetan, eta salmenten bolumenak gora egin du: 2016an 12 t ziren urtean, eta 2019an, berriz, ia 200 t. Horrek erakusten du merkatuak argi eta garbi interesa duela berrikuntza horren inguruan.<\/p>\t\t\t\t\t\t\t\t<\/div>\n\t\t\t\t<\/div>\n\t\t\t\t<div class=\"elementor-element elementor-element-efddb92 elementor-widget elementor-widget-spacer\" data-id=\"efddb92\" data-element_type=\"widget\" data-widget_type=\"spacer.default\">\n\t\t\t\t<div class=\"elementor-widget-container\">\n\t\t\t\t\t\t\t<div class=\"elementor-spacer\">\n\t\t\t<div class=\"elementor-spacer-inner\"><\/div>\n\t\t<\/div>\n\t\t\t\t\t\t<\/div>\n\t\t\t\t<\/div>\n\t\t\t\t\t<\/div>\n\t\t<\/div>\n\t\t\t\t\t<\/div>\n\t\t<\/section>\n\t\t\t\t<section class=\"elementor-section elementor-top-section elementor-element elementor-element-9ddef92 elementor-section-stretched elementor-section-full_width elementor-section-height-min-height elementor-section-height-default elementor-section-items-middle\" data-id=\"9ddef92\" data-element_type=\"section\" data-settings=\"{&quot;stretch_section&quot;:&quot;section-stretched&quot;,&quot;background_background&quot;:&quot;classic&quot;}\">\n\t\t\t\t\t\t<div class=\"elementor-container elementor-column-gap-default\">\n\t\t\t\t\t<div class=\"elementor-column elementor-col-100 elementor-top-column elementor-element elementor-element-5237c65\" data-id=\"5237c65\" data-element_type=\"column\">\n\t\t\t<div class=\"elementor-widget-wrap elementor-element-populated\">\n\t\t\t\t\t\t<div class=\"elementor-element elementor-element-a86740c elementor-widget elementor-widget-menu-anchor\" data-id=\"a86740c\" data-element_type=\"widget\" data-widget_type=\"menu-anchor.default\">\n\t\t\t\t<div class=\"elementor-widget-container\">\n\t\t\t\t\t\t\t<div class=\"elementor-menu-anchor\" id=\"txabarri\"><\/div>\n\t\t\t\t\t\t<\/div>\n\t\t\t\t<\/div>\n\t\t\t\t\t<\/div>\n\t\t<\/div>\n\t\t\t\t\t<\/div>\n\t\t<\/section>\n\t\t\t\t<section class=\"elementor-section elementor-top-section elementor-element elementor-element-40256c2 elementor-section-boxed elementor-section-height-default elementor-section-height-default\" data-id=\"40256c2\" data-element_type=\"section\">\n\t\t\t\t\t\t<div class=\"elementor-container elementor-column-gap-default\">\n\t\t\t\t\t<div class=\"elementor-column elementor-col-100 elementor-top-column elementor-element elementor-element-9bed7c4\" data-id=\"9bed7c4\" data-element_type=\"column\">\n\t\t\t<div class=\"elementor-widget-wrap elementor-element-populated\">\n\t\t\t\t\t\t<div class=\"elementor-element elementor-element-31e773d elementor-widget elementor-widget-heading\" data-id=\"31e773d\" data-element_type=\"widget\" data-widget_type=\"heading.default\">\n\t\t\t\t<div class=\"elementor-widget-container\">\n\t\t\t\t\t<h2 class=\"elementor-heading-title elementor-size-default\">TXAKOLI TXABARRI<\/h2>\t\t\t\t<\/div>\n\t\t\t\t<\/div>\n\t\t\t\t<div class=\"elementor-element elementor-element-81152e5 elementor-widget elementor-widget-heading\" data-id=\"81152e5\" data-element_type=\"widget\" data-widget_type=\"heading.default\">\n\t\t\t\t<div class=\"elementor-widget-container\">\n\t\t\t\t\t<h2 class=\"elementor-heading-title elementor-size-default\">2019ko irabazlea Enpresa Berrikuntza kategorian (prozesua)<\/h2>\t\t\t\t<\/div>\n\t\t\t\t<\/div>\n\t\t\t\t\t<\/div>\n\t\t<\/div>\n\t\t\t\t\t<\/div>\n\t\t<\/section>\n\t\t\t\t<section class=\"elementor-section elementor-top-section elementor-element elementor-element-e20edbc elementor-section-boxed elementor-section-height-default elementor-section-height-default\" data-id=\"e20edbc\" data-element_type=\"section\">\n\t\t\t\t\t\t<div class=\"elementor-container elementor-column-gap-default\">\n\t\t\t\t\t<div class=\"elementor-column elementor-col-100 elementor-top-column elementor-element elementor-element-a4f9ad8\" data-id=\"a4f9ad8\" data-element_type=\"column\">\n\t\t\t<div class=\"elementor-widget-wrap elementor-element-populated\">\n\t\t\t\t\t\t<div class=\"elementor-element elementor-element-b1629f7 elementor-widget elementor-widget-text-editor\" data-id=\"b1629f7\" data-element_type=\"widget\" data-widget_type=\"text-editor.default\">\n\t\t\t\t<div class=\"elementor-widget-container\">\n\t\t\t\t\t\t\t\t\t<p>Txakoli Txabarrik abian jarri duen doitasunezko nekazaritza-lanetarako droneen erabilerak BTEM saria jaso du ekoizpen-prozesuetako berrikuntzaren enpresa-kategorian.<br \/><br \/>Epaimahaiak azpimarratu duenez, Bizkaiko Txakolina jatorri-deiturako ardo-landaketetan droneak erabiltzeak eta mahats-bilketa selektiboak eragindako hobekuntzen aldaketa- eta inplementazio-maila handia izan da. Prozesu berriak 4.0 teknologiak doitasunezko nekazaritza deiturikoan sartzea dakar, eta berrikuntza garrantzitsua da hasierako egoerarekin alderatuta, bai produkzio-prozesuetan eragindako originaltasuna eta aldaketa dakarrelako, bai sektore horretan erabilitako teknologien eta tresnen berritasunagatik.<br \/><br \/>Epaimahaiak iraunkortasunaren hobekuntza ere azpimarratu du, bai maila ekonomikoan bai ingurumenekoan, berrikuntza hau ezartzearen ondorioz: ongarria non aplikatu behar den edo lur ureztatu gehiago edo gutxiago behar duten jakiteko selektibitate hobeari esker, tona bat produktu nitrogenatu gutxiago erabili ahal izan da eta uraren kontsumoa nabarmen murriztu da.<\/p>\n<p>\u00a0<\/p>\t\t\t\t\t\t\t\t<\/div>\n\t\t\t\t<\/div>\n\t\t\t\t<div class=\"elementor-element elementor-element-681326f elementor-widget elementor-widget-video\" data-id=\"681326f\" data-element_type=\"widget\" data-settings=\"{&quot;youtube_url&quot;:&quot;https:\\\/\\\/youtu.be\\\/IkwIUjl3K1Y&quot;,&quot;video_type&quot;:&quot;youtube&quot;,&quot;controls&quot;:&quot;yes&quot;}\" data-widget_type=\"video.default\">\n\t\t\t\t<div class=\"elementor-widget-container\">\n\t\t\t\t\t\t\t<div class=\"elementor-wrapper elementor-open-inline\">\n\t\t\t<div class=\"elementor-video\"><\/div>\t\t<\/div>\n\t\t\t\t\t\t<\/div>\n\t\t\t\t<\/div>\n\t\t\t\t<div class=\"elementor-element elementor-element-a63a06f elementor-widget elementor-widget-text-editor\" data-id=\"a63a06f\" data-element_type=\"widget\" data-widget_type=\"text-editor.default\">\n\t\t\t\t<div class=\"elementor-widget-container\">\n\t\t\t\t\t\t\t\t\t<p>Gainera, aireko irudien bidez identifikatutako mahats-bilketari edo gaikako bilketari esker, fruitua biltzeko une egokia identifikatu ahal izan da, bai eta upategian sartzen den mahatsa homogeneizatzea lortu ere. Horrela, kalitatea handitzea lortu da (hala egiaztatzen duten nazioko eta nazioarteko hainbat sari jaso dira), bai eta uzta-kopurua ere (ekoizpena 30.000 kg handitzea), eta horrek, aldi berean, etekin handiagoa ematen dio nekazaritzari.<br \/><br \/>Epaimahaiak nabarmendu nahi du, halaber, ekoizpen-prozesu berri horren inplementazio-maila, negozio-ereduan dakarren osagai berritzailea eta aldaketa, lehiatik bereizteko aukera argiengatik eta sektoreko beste enpresa batzuetan eragiteko gaitasunagatik.<\/p>\t\t\t\t\t\t\t\t<\/div>\n\t\t\t\t<\/div>\n\t\t\t\t<div class=\"elementor-element elementor-element-b44be6f elementor-widget elementor-widget-spacer\" data-id=\"b44be6f\" data-element_type=\"widget\" data-widget_type=\"spacer.default\">\n\t\t\t\t<div class=\"elementor-widget-container\">\n\t\t\t\t\t\t\t<div class=\"elementor-spacer\">\n\t\t\t<div class=\"elementor-spacer-inner\"><\/div>\n\t\t<\/div>\n\t\t\t\t\t\t<\/div>\n\t\t\t\t<\/div>\n\t\t\t\t\t<\/div>\n\t\t<\/div>\n\t\t\t\t\t<\/div>\n\t\t<\/section>\n\t\t\t\t<section class=\"elementor-section elementor-top-section elementor-element elementor-element-24023f3 elementor-section-stretched elementor-section-full_width elementor-section-height-min-height elementor-section-height-default elementor-section-items-middle\" data-id=\"24023f3\" data-element_type=\"section\" data-settings=\"{&quot;stretch_section&quot;:&quot;section-stretched&quot;,&quot;background_background&quot;:&quot;classic&quot;}\">\n\t\t\t\t\t\t<div class=\"elementor-container elementor-column-gap-default\">\n\t\t\t\t\t<div class=\"elementor-column elementor-col-100 elementor-top-column elementor-element elementor-element-ddaa79e\" data-id=\"ddaa79e\" data-element_type=\"column\">\n\t\t\t<div class=\"elementor-widget-wrap elementor-element-populated\">\n\t\t\t\t\t\t<div class=\"elementor-element elementor-element-f7bbae1 elementor-widget elementor-widget-menu-anchor\" data-id=\"f7bbae1\" data-element_type=\"widget\" data-widget_type=\"menu-anchor.default\">\n\t\t\t\t<div class=\"elementor-widget-container\">\n\t\t\t\t\t\t\t<div class=\"elementor-menu-anchor\" id=\"araex\"><\/div>\n\t\t\t\t\t\t<\/div>\n\t\t\t\t<\/div>\n\t\t\t\t\t<\/div>\n\t\t<\/div>\n\t\t\t\t\t<\/div>\n\t\t<\/section>\n\t\t\t\t<section class=\"elementor-section elementor-top-section elementor-element elementor-element-91ab3dc elementor-section-boxed elementor-section-height-default elementor-section-height-default\" data-id=\"91ab3dc\" data-element_type=\"section\">\n\t\t\t\t\t\t<div class=\"elementor-container elementor-column-gap-default\">\n\t\t\t\t\t<div class=\"elementor-column elementor-col-100 elementor-top-column elementor-element elementor-element-7cd944d\" data-id=\"7cd944d\" data-element_type=\"column\">\n\t\t\t<div class=\"elementor-widget-wrap elementor-element-populated\">\n\t\t\t\t\t\t<div class=\"elementor-element elementor-element-836112d elementor-widget elementor-widget-heading\" data-id=\"836112d\" data-element_type=\"widget\" data-widget_type=\"heading.default\">\n\t\t\t\t<div class=\"elementor-widget-container\">\n\t\t\t\t\t<h2 class=\"elementor-heading-title elementor-size-default\">EROSKI<\/h2>\t\t\t\t<\/div>\n\t\t\t\t<\/div>\n\t\t\t\t<div class=\"elementor-element elementor-element-815378f elementor-widget elementor-widget-heading\" data-id=\"815378f\" data-element_type=\"widget\" data-widget_type=\"heading.default\">\n\t\t\t\t<div class=\"elementor-widget-container\">\n\t\t\t\t\t<h2 class=\"elementor-heading-title elementor-size-default\">2019ko irabazlea Enpresa Berrikuntza kategorian<\/h2>\t\t\t\t<\/div>\n\t\t\t\t<\/div>\n\t\t\t\t\t<\/div>\n\t\t<\/div>\n\t\t\t\t\t<\/div>\n\t\t<\/section>\n\t\t\t\t<section class=\"elementor-section elementor-top-section elementor-element elementor-element-23af390 elementor-section-boxed elementor-section-height-default elementor-section-height-default\" data-id=\"23af390\" data-element_type=\"section\">\n\t\t\t\t\t\t<div class=\"elementor-container elementor-column-gap-default\">\n\t\t\t\t\t<div class=\"elementor-column elementor-col-100 elementor-top-column elementor-element elementor-element-55afc8a\" data-id=\"55afc8a\" data-element_type=\"column\">\n\t\t\t<div class=\"elementor-widget-wrap elementor-element-populated\">\n\t\t\t\t\t\t<div class=\"elementor-element elementor-element-adebbdb elementor-widget elementor-widget-text-editor\" data-id=\"adebbdb\" data-element_type=\"widget\" data-widget_type=\"text-editor.default\">\n\t\t\t\t<div class=\"elementor-widget-container\">\n\t\t\t\t\t\t\t\t\t<p>Epaimahaiak Eroski enpresa saritu du Berrikuntza Merkatuan kategorian, aitzindaria izateagatik eta osasunaren, jasangarritasunaren eta tokiko produktuaren alde egiten jarraitzeagatik bere negozio-ereduan, eta hori guztia elikatze-kateko beste enpresa batzuk egituratzeko duen gaitasunetik, bai eta online erosketa-kanala garatzearen alde egiteagatik ere, online supermerkatuan mundu fisikoaren abantailak baititu.<br \/><br \/>Oraingoan, euskal kooperatibak gizarteari elikadura orekatuan eta ohitura osasungarriagoetan oinarritutako bizitza osasuntsuagoa izaten laguntzeko duen konpromisoa aitortu nahi izan du epaimahaiak. Eroskik kontsumitzailea benetako protagonista gisa jarri du produktu osasungarriak aukeratzeko orduan, besteak beste, semaforo nutrizionala (Nutri-score) bere produktuetan sartuz (modu aitzindarian) edo tresna digitalak garatuz (Ekilibria) elikagai talde desberdinen irenstea hobetzeko eta egokitzeko.<\/p>\t\t\t\t\t\t\t\t<\/div>\n\t\t\t\t<\/div>\n\t\t\t\t<div class=\"elementor-element elementor-element-63a5b33 elementor-widget elementor-widget-video\" data-id=\"63a5b33\" data-element_type=\"widget\" data-settings=\"{&quot;youtube_url&quot;:&quot;https:\\\/\\\/youtu.be\\\/GP4sgS1e1kw&quot;,&quot;video_type&quot;:&quot;youtube&quot;,&quot;controls&quot;:&quot;yes&quot;}\" data-widget_type=\"video.default\">\n\t\t\t\t<div class=\"elementor-widget-container\">\n\t\t\t\t\t\t\t<div class=\"elementor-wrapper elementor-open-inline\">\n\t\t\t<div class=\"elementor-video\"><\/div>\t\t<\/div>\n\t\t\t\t\t\t<\/div>\n\t\t\t\t<\/div>\n\t\t\t\t<div class=\"elementor-element elementor-element-4ad1fd0 elementor-widget elementor-widget-text-editor\" data-id=\"4ad1fd0\" data-element_type=\"widget\" data-widget_type=\"text-editor.default\">\n\t\t\t\t<div class=\"elementor-widget-container\">\n\t\t\t\t\t\t\t\t\t<p>Produktu osasungarrien aldeko apustua ere egin dute, eta aitzindariak izan dira trans koipeak kentzen eta marka propioko produktuen azukrea, koipea eta gatza murrizten.<br \/><br \/>Elikadurari eta ohitura osasungarriei buruzko hezkuntza-programan parte hartu duten 870.000 ikasle ingururen prestakuntza eta bezeroarenganako arretarako sariak (zazpigarren urtez jarraian) dira Eroskik kontsumitzaileen osasunarekin duen konpromisoaren beste adibide bat.<br \/><br \/>Eta hori guztia jasangarritasunaren alde eta tokiko produktuarekin, ingurumenaren gaineko eragina murriztearen alde eginez, ekonomia zirkularraren printzipioen bidez.<br \/><br \/>Epaimahaiak nabarmendu nahi du Eroskik ikuspegi argia izan duela kontsumitzaileen osasunaren alde egitean, aitzindaria izan baita pertsonak eta haien beharrak erdigunean jartzen dituen estrategia bat garatzen, enpresa ekoizle asko beren trakzio-gaitasunaren arabera egituratuz formulazio berriak eta prozesu jasangarriagoak eta osasungarriagoak diseinatzen.<br \/><br \/>Azkenik, epaimahaiak bere online supermerkatuaren bidez tokiko erosketa-irizpide jasangarri eta osasungarri horiek guztiak ezartzeko egindako ahalegina nabarmendu du, eta horri hainbat sari eman zaizkio urteko WeChop onena bezala, kontsumitzaileen botazio bidez emandako saria.<\/p>\t\t\t\t\t\t\t\t<\/div>\n\t\t\t\t<\/div>\n\t\t\t\t\t<\/div>\n\t\t<\/div>\n\t\t\t\t\t<\/div>\n\t\t<\/section>\n\t\t\t\t<\/div>\n\t\t","protected":false},"excerpt":{"rendered":"<p>ECHEBASTAR 2019ko irabazlea Berrikuntza teknologikoa kategorian (produktua) El jurado ha premiado a la empresa pesquera vasca de t\u00fanidos, Echebastar, por haber sabido introducir en el mercado de manera exitosa un producto innovador, de calidad diferenciada y alto valor a\u00f1adido. Se trata de su nueva l\u00ednea de negocio de at\u00fan ultracongelado, comercializado bajo su marca Alakrana.&hellip;&nbsp;<a href=\"https:\/\/www.btem.eus\/eu\/irabazleak-2019\/\" rel=\"bookmark\">Leer m\u00e1s &raquo;<span class=\"screen-reader-text\">Irabazleak 2019<\/span><\/a><\/p>\n","protected":false},"author":2,"featured_media":0,"parent":0,"menu_order":0,"comment_status":"closed","ping_status":"closed","template":"","meta":{"neve_meta_sidebar":"full-width","neve_meta_container":"","neve_meta_enable_content_width":"on","neve_meta_content_width":100,"neve_meta_title_alignment":"","neve_meta_author_avatar":"","neve_post_elements_order":"","neve_meta_disable_header":"off","neve_meta_disable_footer":"off","neve_meta_disable_title":"on","_themeisle_gutenberg_block_has_review":false,"footnotes":""},"class_list":["post-2098","page","type-page","status-publish","hentry"],"_links":{"self":[{"href":"https:\/\/www.btem.eus\/eu\/wp-json\/wp\/v2\/pages\/2098\/"}],"collection":[{"href":"https:\/\/www.btem.eus\/eu\/wp-json\/wp\/v2\/pages\/"}],"about":[{"href":"https:\/\/www.btem.eus\/eu\/wp-json\/wp\/v2\/types\/page\/"}],"author":[{"embeddable":true,"href":"https:\/\/www.btem.eus\/eu\/wp-json\/wp\/v2\/users\/2\/"}],"replies":[{"embeddable":true,"href":"https:\/\/www.btem.eus\/eu\/wp-json\/wp\/v2\/comments\/?post=2098"}],"version-history":[{"count":4,"href":"https:\/\/www.btem.eus\/eu\/wp-json\/wp\/v2\/pages\/2098\/revisions\/"}],"predecessor-version":[{"id":2102,"href":"https:\/\/www.btem.eus\/eu\/wp-json\/wp\/v2\/pages\/2098\/revisions\/2102\/"}],"wp:attachment":[{"href":"https:\/\/www.btem.eus\/eu\/wp-json\/wp\/v2\/media\/?parent=2098"}],"curies":[{"name":"wp","href":"https:\/\/api.w.org\/{rel}","templated":true}]}}